{"id":482,"date":"2017-02-20T03:10:23","date_gmt":"2017-02-20T03:10:23","guid":{"rendered":"http:\/\/dine.withemes.com\/?page_id=7"},"modified":"2019-01-04T19:14:10","modified_gmt":"2019-01-04T19:14:10","slug":"menu","status":"publish","type":"page","link":"http:\/\/www.gostinstvopugelj.si\/?page_id=482","title":{"rendered":"Ponudba"},"content":{"rendered":"<p>[vc_row][vc_column][vc_column_text][\/vc_column_text][\/vc_column][\/vc_row][vc_row][vc_column]<div class=\"dine-element wpb_content_element dine-element-heading \" id=\"heading-1\"><div class=\"dine-heading\">\n    \n    <div class=\"heading-container\">\n\n        <h2 class=\"heading-title\">Vsakodnevno nudimo tople malice od 10.00 do 14.00 ure.<\/h2>\n    <\/div>\n    \n    \n<\/div><!-- .dine-heading --><\/div>[\/vc_column][\/vc_row][vc_row full_width=&#8221;stretch_row&#8221; parallax=&#8221;true&#8221; elements_fade=&#8221;true&#8221; css=&#8221;.vc_custom_1489433885574{padding-top: 140px !important;padding-bottom: 140px !important;background: #111111 url(http:\/\/www.gostinstvopugelj.si\/wp-content\/uploads\/2017\/02\/Stocksy_txpcd1dc0eemKP100_Medium_695556.jpg?id=353);background-position: center;background-repeat: no-repeat !important;background-size: cover !important;}&#8221; overlay=&#8221;rgba(0,0,0,0.3)&#8221;][vc_column]<div class=\"dine-element wpb_content_element dine-element-text_slider \" id=\"text_slider-1\"><div data-delay=\"300\" style=\"color:#ffffff;font-size:100px\" data-timer=\"3000\" class=\"cd-headline cd-single-headline dine-animation-element animation-bottom\"><span>Ostala ponudba<\/span><\/div><\/div>[\/vc_column][\/vc_row][vc_row css=&#8221;.vc_custom_1488012819259{padding-top: 80px !important;padding-bottom: 80px !important;}&#8221;][vc_column width=&#8221;1\/2&#8243;]<div class=\"dine-element wpb_content_element dine-element-imagebox \" id=\"imagebox-1\">\n<div class=\"dine-imagebox\">\n    \n    <div class=\"imagebox-inner\">\n    \n        <div class=\"bg-thumb\">\n            <div class=\"bg-element\" style=\"background-image:url(http:\/\/www.gostinstvopugelj.si\/wp-content\/uploads\/2017\/02\/DSC_1621.jpg)\"><\/div>\n            <div class=\"height-element\" style=\"padding-bottom:100%;\"><\/div>\n        <\/div><!-- .bg-thumb -->\n        \n        <div class=\"imagebox-overlay\"><\/div>\n        \n                \n            \n    <\/div><!-- .imagebox-inner -->\n    \n<\/div><!-- .dine-imagebox --><\/div>[\/vc_column][vc_column width=&#8221;1\/2&#8243;][vc_column_text]<\/p>\n<h4>Organiziramo in pripravljamo poro\u010dne pogostitve in ostala dru\u017einska slavja (krst, obhajila, birme, rojstni dnevi, obletnice, pogreb\u0161\u010dine. Za zaklju\u010dene dru\u017ebe organiziramo pustovanje, martinovanje in v decembru novoletna praznovanja ter silvestrovanje. Vse ostale gostinske storitve za zaklju\u010dene dru\u017ebe nudimo po naro\u010dilu. Hrano dostavimo tudi na dom ali na razli\u010dne lokacije.<\/h4>\n<h4>Ponujamo vam mo\u017enost organizacije celotnega dogodka. Va\u0161e praznovanje bo vsem ostalo v lepem spominu po dobri hrani, profesionalni in prijetni postre\u017ebi, ter odli\u010dnem vzdu\u0161ju. Pri svojem delu imamo ogromno izku\u0161enj in vemo, kako je treba slavnostne dogodke pripraviti in izpeljati.<\/h4>\n<p>[\/vc_column_text][\/vc_column][\/vc_row][vc_row][vc_column][vc_column_text]<\/p>\n<h2 style=\"text-align: center;\"><strong>Na\u0161 moto: Dobra hrana, zmerne cene, prijetno vzdu\u0161je, dovolj prostora za ples in dru\u017eenje, ter hitra postre\u017eba in profesionalen pristop.<\/strong><\/h2>\n<p>[\/vc_column_text][\/vc_column][\/vc_row][vc_row full_width=&#8221;stretch_row&#8221; parallax=&#8221;true&#8221; elements_fade=&#8221;true&#8221; css=&#8221;.vc_custom_1489433897800{padding-top: 140px !important;padding-bottom: 140px !important;background: #111111 url(http:\/\/www.gostinstvopugelj.si\/wp-content\/uploads\/2017\/02\/Stocksy_txpcd1dc0eemKP100_Medium_1292869.jpg?id=345);background-position: center;background-repeat: no-repeat !important;background-size: cover !important;}&#8221; overlay=&#8221;rgba(0,0,0,0.3)&#8221;][vc_column]<div class=\"dine-element wpb_content_element dine-element-text_slider \" id=\"text_slider-2\"><div data-delay=\"300\" style=\"color:#ffffff;font-size:100px\" data-timer=\"3000\" class=\"cd-headline cd-single-headline dine-animation-element animation-bottom\"><span>Poro\u010dna slavja<\/span><\/div><\/div>[\/vc_column][\/vc_row][vc_row][vc_column width=&#8221;1\/2&#8243;]<div class=\"dine-element wpb_content_element dine-element-imagebox \" id=\"imagebox-2\">\n<div class=\"dine-imagebox\">\n    \n    <div class=\"imagebox-inner\">\n    \n        <div class=\"bg-thumb\">\n            <div class=\"bg-element\" style=\"background-image:url(http:\/\/www.gostinstvopugelj.si\/wp-content\/uploads\/2017\/02\/20140823_162812.jpg)\"><\/div>\n            <div class=\"height-element\" style=\"padding-bottom:100%;\"><\/div>\n        <\/div><!-- .bg-thumb -->\n        \n        <div class=\"imagebox-overlay\"><\/div>\n        \n                \n            \n    <\/div><!-- .imagebox-inner -->\n    \n<\/div><!-- .dine-imagebox --><\/div>[\/vc_column][vc_column width=&#8221;1\/2&#8243;][vc_column_text]<\/p>\n<h2>poro\u010dni menu \u017ee za 23,00 EUR<\/h2>\n<h4>&#8211; glavna ve\u010derja<\/h4>\n<h4>&#8211; narezek s francosko in \u0161obsko solato<\/h4>\n<h4>&#8211; obara ali gola\u017eeva juha<\/h4>\n<h4>&#8211; brezpla\u010den razrez poro\u010dne torte<\/h4>\n<h4>&#8211; brezpla\u010dna osnovna dekoracija prostora in miz<\/h4>\n<h4>&#8211; prilagajanje barve pogrinjka po va\u0161i \u017eelji<\/h4>\n<h4>&#8211; prijazno in strokovno osebje<\/h4>\n<p>[\/vc_column_text][\/vc_column][\/vc_row][vc_row][vc_column][vc_column_text]<\/p>\n<p>[\/vc_column_text][\/vc_column][\/vc_row]<\/p>\n","protected":false},"excerpt":{"rendered":"<p>[vc_row][vc_column][vc_column_text][\/vc_column_text][\/vc_column][\/vc_row][vc_row][vc_column][\/vc_column][\/vc_row][vc_row full_width=&#8221;stretch_row&#8221; parallax=&#8221;true&#8221; elements_fade=&#8221;true&#8221; css=&#8221;.vc_custom_1489433885574{padding-top: 140px !important;padding-bottom: 140px !important;background: #111111 url(http:\/\/www.gostinstvopugelj.si\/wp-content\/uploads\/2017\/02\/Stocksy_txpcd1dc0eemKP100_Medium_695556.jpg?id=353);background-position: center;background-repeat: no-repeat !important;background-size: cover !important;}&#8221; overlay=&#8221;rgba(0,0,0,0.3)&#8221;][vc_column][\/vc_column][\/vc_row][vc_row css=&#8221;.vc_custom_1488012819259{padding-top: 80px !important;padding-bottom: 80px !important;}&#8221;][vc_column width=&#8221;1\/2&#8243;][\/vc_column][vc_column width=&#8221;1\/2&#8243;][vc_column_text] Organiziramo in pripravljamo poro\u010dne pogostitve in ostala dru\u017einska slavja (krst, obhajila, birme, rojstni dnevi, obletnice, pogreb\u0161\u010dine. Za zaklju\u010dene dru\u017ebe organiziramo pustovanje, martinovanje in v decembru novoletna praznovanja ter silvestrovanje. Vse ostale &hellip; <\/p>\n","protected":false},"author":1,"featured_media":377,"parent":0,"menu_order":0,"comment_status":"closed","ping_status":"closed","template":"","meta":[],"_links":{"self":[{"href":"http:\/\/www.gostinstvopugelj.si\/index.php?rest_route=\/wp\/v2\/pages\/482"}],"collection":[{"href":"http:\/\/www.gostinstvopugelj.si\/index.php?rest_route=\/wp\/v2\/pages"}],"about":[{"href":"http:\/\/www.gostinstvopugelj.si\/index.php?rest_route=\/wp\/v2\/types\/page"}],"author":[{"embeddable":true,"href":"http:\/\/www.gostinstvopugelj.si\/index.php?rest_route=\/wp\/v2\/users\/1"}],"replies":[{"embeddable":true,"href":"http:\/\/www.gostinstvopugelj.si\/index.php?rest_route=%2Fwp%2Fv2%2Fcomments&post=482"}],"version-history":[{"count":33,"href":"http:\/\/www.gostinstvopugelj.si\/index.php?rest_route=\/wp\/v2\/pages\/482\/revisions"}],"predecessor-version":[{"id":671,"href":"http:\/\/www.gostinstvopugelj.si\/index.php?rest_route=\/wp\/v2\/pages\/482\/revisions\/671"}],"wp:featuredmedia":[{"embeddable":true,"href":"http:\/\/www.gostinstvopugelj.si\/index.php?rest_route=\/wp\/v2\/media\/377"}],"wp:attachment":[{"href":"http:\/\/www.gostinstvopugelj.si\/index.php?rest_route=%2Fwp%2Fv2%2Fmedia&parent=482"}],"curies":[{"name":"wp","href":"https:\/\/api.w.org\/{rel}","templated":true}]}}