{"id":480,"date":"2017-02-20T03:10:17","date_gmt":"2017-02-20T03:10:17","guid":{"rendered":"http:\/\/dine.withemes.com\/?page_id=5"},"modified":"2018-05-15T08:09:14","modified_gmt":"2018-05-15T08:09:14","slug":"about","status":"publish","type":"page","link":"http:\/\/www.gostinstvopugelj.si\/?page_id=480","title":{"rendered":"O nas"},"content":{"rendered":"<p>[vc_row][vc_column][vc_column_text][\/vc_column_text][\/vc_column][\/vc_row][vc_row content_placement=&#8221;middle&#8221;][vc_column width=&#8221;1\/2&#8243;]<div class=\"dine-element wpb_content_element dine-element-imagebox \" id=\"imagebox-1\">\n<div class=\"dine-imagebox\">\n    \n    <div class=\"imagebox-inner\">\n    \n        <div class=\"bg-thumb\">\n            <div class=\"bg-element\" style=\"background-image:url(http:\/\/www.gostinstvopugelj.si\/wp-content\/uploads\/2017\/02\/cache_0000013eb88af6872af.jpg)\"><\/div>\n            <div class=\"height-element\" style=\"padding-bottom:100%;\"><\/div>\n        <\/div><!-- .bg-thumb -->\n        \n        <div class=\"imagebox-overlay\" style=\"background-color:rgba(0,0,0,0.3)\"><\/div>\n        \n                \n            \n    <\/div><!-- .imagebox-inner -->\n    \n<\/div><!-- .dine-imagebox --><\/div>[\/vc_column][vc_column width=&#8221;1\/2&#8243;]<div class=\"dine-element wpb_content_element dine-element-heading \" id=\"heading-1\"><div class=\"dine-heading\">\n    \n    <div class=\"heading-container\">\n\n        <h4 class=\"heading-title\"><\/h4>\n    <\/div>\n    \n        \n    <h4 class=\"heading-subtitle\">\n    \n        V industrijski coni RIKO v Ribnici se nahaja na\u0161e dru\u017einsko podjetje z 22 letno gostinsko tradicijo. Razpolagamo z ve\u010djo gostinsko sobo, ki sprejme 300 gostov in v kletnih prostorih s posebnim vhodom sobo za 60 gostov in sobo za 30 gostov. Dostop je omogo\u010den tudi invalidom . Ob lokalu se nahaja lasten velik parkirni prostor za ve\u010d avtobusovov ali osebnih vozil.    \n    <\/h4>\n    \n    \n<\/div><!-- .dine-heading --><\/div>[\/vc_column][\/vc_row][vc_row full_width=&#8221;stretch_row&#8221; parallax=&#8221;true&#8221; elements_fade=&#8221;true&#8221; css=&#8221;.vc_custom_1504185421564{padding-top: 140px !important;padding-bottom: 140px !important;background: #333333 url(http:\/\/www.gostinstvopugelj.si\/wp-content\/uploads\/2017\/02\/20150322_120546.jpg?id=560);}&#8221; overlay=&#8221;rgba(0,0,0,0.5)&#8221;][vc_column]<div class=\"dine-element wpb_content_element dine-element-text_slider \" id=\"text_slider-1\"><div data-delay=\"300\" style=\"color:#ffffff;font-size:100px\" data-timer=\"3000\" class=\"cd-headline cd-single-headline dine-animation-element animation-bottom\"><span>\u017de od 1994<\/span><\/div><\/div>[\/vc_column][\/vc_row][vc_row css=&#8221;.vc_custom_1488012459548{padding-top: 80px !important;}&#8221;][vc_column]<div class=\"dine-element wpb_content_element dine-element-arctext \" id=\"arctext-1\"><div class=\"dine-arctext\" style=\"transform:rotate(135deg);\">\n    <span>Galerija<\/span>\n\n<\/div><\/div><div class=\"dine-element wpb_content_element dine-element-heading \" id=\"heading-2\"><div class=\"dine-heading\">\n    \n    <div class=\"heading-container\">\n\n        <h2 class=\"heading-title\">Galerija<\/h2>\n    <\/div>\n    \n        \n    <h4 class=\"heading-subtitle\">\n    \n        Nekaj na\u0161ih slik    \n    <\/h4>\n    \n    \n<\/div><!-- .dine-heading --><\/div><div class=\"dine-element wpb_content_element dine-element-dine_gallery \" id=\"dine_gallery-1\">\n<div class=\"dine-gallery column-4 gallery-portrait dine-lightbox-gallery\">\n    \n    \n    <figure class=\"dine-gallery-item\">\n        \n        <div class=\"dine-gallery-item-inner\">\n    \n            \n            <a href=\"http:\/\/www.gostinstvopugelj.si\/wp-content\/uploads\/2017\/02\/20130901_124745.jpg\" class=\"lightbox-link\"><img width=\"1024\" height=\"576\" src=\"http:\/\/www.gostinstvopugelj.si\/wp-content\/uploads\/2017\/02\/20130901_124745-1024x576.jpg\" class=\"attachment-large size-large\" alt=\"\" loading=\"lazy\" srcset=\"http:\/\/www.gostinstvopugelj.si\/wp-content\/uploads\/2017\/02\/20130901_124745-1024x576.jpg 1024w, http:\/\/www.gostinstvopugelj.si\/wp-content\/uploads\/2017\/02\/20130901_124745-300x169.jpg 300w, http:\/\/www.gostinstvopugelj.si\/wp-content\/uploads\/2017\/02\/20130901_124745-768x432.jpg 768w\" sizes=\"(max-width: 1024px) 100vw, 1024px\" \/><\/a>\n            <div class=\"height-element\"><\/div>\n\n            <div class=\"loading-icon\"><\/div>\n            \n                        \n        <\/div>\n    \n    <\/figure><!-- .dine-gallery-item -->\n    \n    \n    <figure class=\"dine-gallery-item\">\n        \n        <div class=\"dine-gallery-item-inner\">\n    \n            \n            <a href=\"http:\/\/www.gostinstvopugelj.si\/wp-content\/uploads\/2017\/02\/CAM00026.jpg\" class=\"lightbox-link\"><img width=\"759\" height=\"1024\" src=\"http:\/\/www.gostinstvopugelj.si\/wp-content\/uploads\/2017\/02\/CAM00026-759x1024.jpg\" class=\"attachment-large size-large\" alt=\"\" loading=\"lazy\" srcset=\"http:\/\/www.gostinstvopugelj.si\/wp-content\/uploads\/2017\/02\/CAM00026-759x1024.jpg 759w, http:\/\/www.gostinstvopugelj.si\/wp-content\/uploads\/2017\/02\/CAM00026-222x300.jpg 222w, http:\/\/www.gostinstvopugelj.si\/wp-content\/uploads\/2017\/02\/CAM00026-768x1036.jpg 768w\" sizes=\"(max-width: 759px) 100vw, 759px\" \/><\/a>\n            <div class=\"height-element\"><\/div>\n\n            <div class=\"loading-icon\"><\/div>\n            \n                        \n        <\/div>\n    \n    <\/figure><!-- .dine-gallery-item -->\n    \n    \n    <figure class=\"dine-gallery-item\">\n        \n        <div class=\"dine-gallery-item-inner\">\n    \n            \n            <a href=\"http:\/\/www.gostinstvopugelj.si\/wp-content\/uploads\/2017\/02\/20150322_120546-1.jpg\" class=\"lightbox-link\"><img width=\"1024\" height=\"576\" src=\"http:\/\/www.gostinstvopugelj.si\/wp-content\/uploads\/2017\/02\/20150322_120546-1-1024x576.jpg\" class=\"attachment-large size-large\" alt=\"\" loading=\"lazy\" srcset=\"http:\/\/www.gostinstvopugelj.si\/wp-content\/uploads\/2017\/02\/20150322_120546-1-1024x576.jpg 1024w, http:\/\/www.gostinstvopugelj.si\/wp-content\/uploads\/2017\/02\/20150322_120546-1-300x169.jpg 300w, http:\/\/www.gostinstvopugelj.si\/wp-content\/uploads\/2017\/02\/20150322_120546-1-768x432.jpg 768w\" sizes=\"(max-width: 1024px) 100vw, 1024px\" \/><\/a>\n            <div class=\"height-element\"><\/div>\n\n            <div class=\"loading-icon\"><\/div>\n            \n                        \n        <\/div>\n    \n    <\/figure><!-- .dine-gallery-item -->\n    \n    \n    <figure class=\"dine-gallery-item\">\n        \n        <div class=\"dine-gallery-item-inner\">\n    \n            \n            <a href=\"http:\/\/www.gostinstvopugelj.si\/wp-content\/uploads\/2017\/02\/CAM00262.jpg\" class=\"lightbox-link\"><img width=\"759\" height=\"1024\" src=\"http:\/\/www.gostinstvopugelj.si\/wp-content\/uploads\/2017\/02\/CAM00262-759x1024.jpg\" class=\"attachment-large size-large\" alt=\"\" loading=\"lazy\" srcset=\"http:\/\/www.gostinstvopugelj.si\/wp-content\/uploads\/2017\/02\/CAM00262-759x1024.jpg 759w, http:\/\/www.gostinstvopugelj.si\/wp-content\/uploads\/2017\/02\/CAM00262-222x300.jpg 222w, http:\/\/www.gostinstvopugelj.si\/wp-content\/uploads\/2017\/02\/CAM00262-768x1036.jpg 768w\" sizes=\"(max-width: 759px) 100vw, 759px\" \/><\/a>\n            <div class=\"height-element\"><\/div>\n\n            <div class=\"loading-icon\"><\/div>\n            \n                        \n        <\/div>\n    \n    <\/figure><!-- .dine-gallery-item -->\n    \n    \n<\/div><!-- .dine-gallery --><\/div>[\/vc_column][\/vc_row]<\/p>\n","protected":false},"excerpt":{"rendered":"<p>[vc_row][vc_column][vc_column_text][\/vc_column_text][\/vc_column][\/vc_row][vc_row content_placement=&#8221;middle&#8221;][vc_column width=&#8221;1\/2&#8243;][\/vc_column][vc_column width=&#8221;1\/2&#8243;][\/vc_column][\/vc_row][vc_row full_width=&#8221;stretch_row&#8221; parallax=&#8221;true&#8221; elements_fade=&#8221;true&#8221; css=&#8221;.vc_custom_1504185421564{padding-top: 140px !important;padding-bottom: 140px !important;background: #333333 url(http:\/\/www.gostinstvopugelj.si\/wp-content\/uploads\/2017\/02\/20150322_120546.jpg?id=560);}&#8221; overlay=&#8221;rgba(0,0,0,0.5)&#8221;][vc_column][\/vc_column][\/vc_row][vc_row css=&#8221;.vc_custom_1488012459548{padding-top: 80px !important;}&#8221;][vc_column][\/vc_column][\/vc_row]<\/p>\n","protected":false},"author":1,"featured_media":553,"parent":0,"menu_order":0,"comment_status":"closed","ping_status":"closed","template":"","meta":[],"_links":{"self":[{"href":"http:\/\/www.gostinstvopugelj.si\/index.php?rest_route=\/wp\/v2\/pages\/480"}],"collection":[{"href":"http:\/\/www.gostinstvopugelj.si\/index.php?rest_route=\/wp\/v2\/pages"}],"about":[{"href":"http:\/\/www.gostinstvopugelj.si\/index.php?rest_route=\/wp\/v2\/types\/page"}],"author":[{"embeddable":true,"href":"http:\/\/www.gostinstvopugelj.si\/index.php?rest_route=\/wp\/v2\/users\/1"}],"replies":[{"embeddable":true,"href":"http:\/\/www.gostinstvopugelj.si\/index.php?rest_route=%2Fwp%2Fv2%2Fcomments&post=480"}],"version-history":[{"count":28,"href":"http:\/\/www.gostinstvopugelj.si\/index.php?rest_route=\/wp\/v2\/pages\/480\/revisions"}],"predecessor-version":[{"id":667,"href":"http:\/\/www.gostinstvopugelj.si\/index.php?rest_route=\/wp\/v2\/pages\/480\/revisions\/667"}],"wp:featuredmedia":[{"embeddable":true,"href":"http:\/\/www.gostinstvopugelj.si\/index.php?rest_route=\/wp\/v2\/media\/553"}],"wp:attachment":[{"href":"http:\/\/www.gostinstvopugelj.si\/index.php?rest_route=%2Fwp%2Fv2%2Fmedia&parent=480"}],"curies":[{"name":"wp","href":"https:\/\/api.w.org\/{rel}","templated":true}]}}